{"id":44,"date":"2024-02-28T10:12:13","date_gmt":"2024-02-28T10:12:13","guid":{"rendered":"https:\/\/themes.templatescoder.com\/sastra-addon\/demo-04\/?page_id=44"},"modified":"2025-11-11T17:05:18","modified_gmt":"2025-11-11T17:05:18","slug":"about-us","status":"publish","type":"page","link":"https:\/\/asbilardo.com\/index.php\/about-us\/","title":{"rendered":"About Us"},"content":{"rendered":"\t\t<div data-elementor-type=\"wp-page\" data-elementor-id=\"44\" class=\"elementor elementor-44\">\n\t\t\t\t\t\t<section class=\"elementor-section elementor-top-section elementor-element elementor-element-f8075a1 elementor-section-boxed elementor-section-height-default elementor-section-height-default tmpcoder-particle-no tmpcoder-sticky-section-no\" data-id=\"f8075a1\" data-element_type=\"section\" data-e-type=\"section\" data-settings=\"{&quot;background_background&quot;:&quot;classic&quot;}\">\n\t\t\t\t\t\t<div class=\"elementor-container elementor-column-gap-default\">\n\t\t\t\t\t<div class=\"elementor-column elementor-col-100 elementor-top-column elementor-element elementor-element-29b690d elementor-invisible\" data-id=\"29b690d\" data-element_type=\"column\" data-e-type=\"column\" data-settings=\"{&quot;animation&quot;:&quot;fadeInUp&quot;}\">\n\t\t\t<div class=\"elementor-widget-wrap elementor-element-populated\">\n\t\t\t\t\t\t<div class=\"elementor-element elementor-element-0ea2bbb elementor-widget elementor-widget-tmpcoder_breadcrumb\" data-id=\"0ea2bbb\" data-element_type=\"widget\" data-e-type=\"widget\" data-widget_type=\"tmpcoder_breadcrumb.default\">\n\t\t\t\t<div class=\"elementor-widget-container\">\n\t\t\t\t\t\n        <div class=\"row\">\n            <div class=\"col-md-12\">\n                <div class=\"page-banner\">\n                    <h1 class=\"sub-banner-title yes\">About Us<\/h1>                <\/div>\n            <\/div>\n        <\/div>\n\n        \t\t\t\t<\/div>\n\t\t\t\t<\/div>\n\t\t\t\t\t<\/div>\n\t\t<\/div>\n\t\t\t\t\t<\/div>\n\t\t<\/section>\n\t\t\t\t<section class=\"elementor-section elementor-top-section elementor-element elementor-element-bf7c605 elementor-section-boxed elementor-section-height-default elementor-section-height-default tmpcoder-jarallax-no tmpcoder-parallax-no tmpcoder-particle-no tmpcoder-sticky-section-no\" data-id=\"bf7c605\" data-element_type=\"section\" data-e-type=\"section\" data-settings=\"{&quot;background_background&quot;:&quot;classic&quot;}\">\n\t\t\t\t\t\t<div class=\"elementor-container elementor-column-gap-default\">\n\t\t\t\t\t<div class=\"elementor-column elementor-col-50 elementor-top-column elementor-element elementor-element-035cd79 elementor-invisible\" data-id=\"035cd79\" data-element_type=\"column\" data-e-type=\"column\" data-settings=\"{&quot;animation&quot;:&quot;fadeInLeft&quot;}\">\n\t\t\t<div class=\"elementor-widget-wrap elementor-element-populated\">\n\t\t\t\t\t\t<div class=\"elementor-element elementor-element-ce344ae elementor-widget elementor-widget-heading\" data-id=\"ce344ae\" data-element_type=\"widget\" data-e-type=\"widget\" data-settings=\"{&quot;_animation&quot;:&quot;none&quot;}\" data-widget_type=\"heading.default\">\n\t\t\t\t\t<span class=\"elementor-heading-title elementor-size-default\">Biz Kimiz<\/span>\t\t\t\t<\/div>\n\t\t\t\t<div class=\"elementor-element elementor-element-eb24224 elementor-widget elementor-widget-heading\" data-id=\"eb24224\" data-element_type=\"widget\" data-e-type=\"widget\" data-widget_type=\"heading.default\">\n\t\t\t\t\t<h2 class=\"elementor-heading-title elementor-size-default\">As Bilardo <\/h2>\t\t\t\t<\/div>\n\t\t\t\t\t<\/div>\n\t\t<\/div>\n\t\t\t\t<div class=\"elementor-column elementor-col-50 elementor-top-column elementor-element elementor-element-4b5f249 elementor-invisible\" data-id=\"4b5f249\" data-element_type=\"column\" data-e-type=\"column\" data-settings=\"{&quot;animation&quot;:&quot;fadeInRight&quot;}\">\n\t\t\t<div class=\"elementor-widget-wrap elementor-element-populated\">\n\t\t\t\t\t\t<div class=\"elementor-element elementor-element-631fd10 elementor-widget elementor-widget-text-editor\" data-id=\"631fd10\" data-element_type=\"widget\" data-e-type=\"widget\" data-widget_type=\"text-editor.default\">\n\t\t\t\t\t\t\t\t\t<p data-start=\"228\" data-end=\"523\"><strong data-start=\"228\" data-end=\"242\">As Bilardo<\/strong>, T\u00fcrkiye\u2019nin d\u00f6rt bir yan\u0131na y\u00fcksek kalite standartlar\u0131nda <strong data-start=\"302\" data-end=\"322\">bilardo masalar\u0131<\/strong> ve <strong data-start=\"326\" data-end=\"346\">oyun ekipmanlar\u0131<\/strong> sunan k\u00f6kl\u00fc bir markad\u0131r. Kuruldu\u011fumuz g\u00fcnden bu yana hedefimiz, m\u00fc\u015fterilerimize sadece bir oyun masas\u0131 de\u011fil, ayn\u0131 zamanda <strong data-start=\"471\" data-end=\"500\">e\u011flence, kalite ve g\u00fcveni<\/strong> bir arada sunmakt\u0131r.<\/p><p data-start=\"525\" data-end=\"545\">\u00dcr\u00fcn yelpazemizde;<\/p><ul data-start=\"546\" data-end=\"786\"><li data-start=\"546\" data-end=\"576\"><p data-start=\"548\" data-end=\"576\"><strong data-start=\"548\" data-end=\"574\">3 Top Bilardo Masalar\u0131<\/strong><\/p><\/li><li data-start=\"577\" data-end=\"610\"><p data-start=\"579\" data-end=\"610\"><strong data-start=\"579\" data-end=\"608\">Amerikan Bilardo Masalar\u0131<\/strong><\/p><\/li><li data-start=\"611\" data-end=\"643\"><p data-start=\"613\" data-end=\"643\"><strong data-start=\"613\" data-end=\"641\">Tasar\u0131m Bilardo Masalar\u0131<\/strong><\/p><\/li><li data-start=\"644\" data-end=\"674\"><p data-start=\"646\" data-end=\"674\"><strong data-start=\"646\" data-end=\"672\">Lang\u0131rt (Masa Futbolu)<\/strong><\/p><\/li><li data-start=\"675\" data-end=\"786\"><p data-start=\"677\" data-end=\"786\"><strong data-start=\"677\" data-end=\"741\">Dart, Air Hockey, Masa Tenisi, Satran\u00e7, Tavla, Boks Makinesi<\/strong> ve \u00e7e\u015fitli <strong data-start=\"753\" data-end=\"768\">aksesuarlar<\/strong> yer almaktad\u0131r.<\/p><\/li><\/ul><p data-start=\"788\" data-end=\"1066\">T\u00fcm \u00fcr\u00fcnlerimiz, uzun \u00f6m\u00fcrl\u00fc kullan\u0131m ve profesyonel oyun deneyimi sunmak amac\u0131yla \u00f6zenle \u00fcretilmektedir. As Bilardo olarak, sat\u0131\u015f \u00f6ncesi dan\u0131\u015fmanl\u0131k, <strong data-start=\"939\" data-end=\"958\">kurulum hizmeti<\/strong>, <strong data-start=\"960\" data-end=\"987\">T\u00fcrkiye geneli teslimat<\/strong> ve <strong data-start=\"991\" data-end=\"1015\">sat\u0131\u015f sonras\u0131 destek<\/strong> ile m\u00fc\u015fterilerimizin daima yan\u0131nda yer al\u0131yoruz.<\/p><hr data-start=\"1068\" data-end=\"1071\" \/><h3 data-start=\"1073\" data-end=\"1092\">\u00a0<\/h3>\t\t\t\t\t\t\t\t<\/div>\n\t\t\t\t<div class=\"elementor-element elementor-element-c255f71 elementor-widget elementor-widget-text-editor\" data-id=\"c255f71\" data-element_type=\"widget\" data-e-type=\"widget\" data-widget_type=\"text-editor.default\">\n\t\t\t\t\t\t\t\t\t<h3 data-start=\"1073\" data-end=\"1092\">Misyonumuz<\/h3><p data-start=\"1093\" data-end=\"1205\">M\u00fc\u015fterilerimize en kaliteli bilardo ve oyun ekipmanlar\u0131n\u0131, uygun fiyat ve g\u00fcvenilir hizmet anlay\u0131\u015f\u0131yla sunmak.<\/p><h3 data-start=\"1207\" data-end=\"1231\">Vizyonumuz<\/h3><p data-start=\"1232\" data-end=\"1347\">T\u00fcrkiye\u2019de bilardo k\u00fclt\u00fcr\u00fcn\u00fc yayg\u0131nla\u015ft\u0131rmak, sekt\u00f6r\u00fcn lider markalar\u0131ndan biri olarak e\u011flenceyi her eve ta\u015f\u0131mak.<\/p><hr data-start=\"1349\" data-end=\"1352\" \/><p data-start=\"1354\" data-end=\"1487\">\ud83d\udcde <strong data-start=\"1357\" data-end=\"1370\">\u0130leti\u015fim:<\/strong><br data-start=\"1370\" data-end=\"1373\" \/>Telefon: 0532 547 1301<br data-start=\"1395\" data-end=\"1398\" \/>Web: <a href=\"https:\/\/asbilardo.com?utm_source=chatgpt.com\" target=\"_new\" rel=\"noopener\" data-start=\"1403\" data-end=\"1445\">www.asbilardo.com<\/a><br data-start=\"1445\" data-end=\"1448\" \/>E-posta: <a rel=\"noopener\" data-start=\"1457\" data-end=\"1475\">info@asbilardo.com<\/a><\/p>\t\t\t\t\t\t\t\t<\/div>\n\t\t\t\t\t<\/div>\n\t\t<\/div>\n\t\t\t\t\t<\/div>\n\t\t<\/section>\n\t\t\t\t<\/div>\n\t\t","protected":false},"excerpt":{"rendered":"<p>About Us Biz Kimiz As Bilardo As Bilardo, T\u00fcrkiye\u2019nin d\u00f6rt bir yan\u0131na y\u00fcksek kalite standartlar\u0131nda bilardo masalar\u0131 ve oyun ekipmanlar\u0131 sunan k\u00f6kl\u00fc bir markad\u0131r. Kuruldu\u011fumuz g\u00fcnden bu yana hedefimiz, m\u00fc\u015fterilerimize sadece bir oyun masas\u0131 de\u011fil, ayn\u0131 zamanda e\u011flence, kalite ve g\u00fcveni bir arada sunmakt\u0131r. \u00dcr\u00fcn yelpazemizde; 3 Top Bilardo Masalar\u0131 Amerikan Bilardo Masalar\u0131 Tasar\u0131m Bilardo [&hellip;]<\/p>\n","protected":false},"author":1,"featured_media":0,"parent":0,"menu_order":0,"comment_status":"closed","ping_status":"closed","template":"elementor_header_footer","meta":{"footnotes":""},"class_list":["post-44","page","type-page","status-publish","hentry"],"_links":{"self":[{"href":"https:\/\/asbilardo.com\/index.php\/wp-json\/wp\/v2\/pages\/44","targetHints":{"allow":["GET"]}}],"collection":[{"href":"https:\/\/asbilardo.com\/index.php\/wp-json\/wp\/v2\/pages"}],"about":[{"href":"https:\/\/asbilardo.com\/index.php\/wp-json\/wp\/v2\/types\/page"}],"author":[{"embeddable":true,"href":"https:\/\/asbilardo.com\/index.php\/wp-json\/wp\/v2\/users\/1"}],"replies":[{"embeddable":true,"href":"https:\/\/asbilardo.com\/index.php\/wp-json\/wp\/v2\/comments?post=44"}],"version-history":[{"count":7,"href":"https:\/\/asbilardo.com\/index.php\/wp-json\/wp\/v2\/pages\/44\/revisions"}],"predecessor-version":[{"id":2975,"href":"https:\/\/asbilardo.com\/index.php\/wp-json\/wp\/v2\/pages\/44\/revisions\/2975"}],"wp:attachment":[{"href":"https:\/\/asbilardo.com\/index.php\/wp-json\/wp\/v2\/media?parent=44"}],"curies":[{"name":"wp","href":"https:\/\/api.w.org\/{rel}","templated":true}]}}