{"id":48,"date":"2024-02-28T10:12:55","date_gmt":"2024-02-28T10:12:55","guid":{"rendered":"https:\/\/themes.templatescoder.com\/sastra-addon\/demo-04\/?page_id=48"},"modified":"2026-01-22T20:31:02","modified_gmt":"2026-01-22T20:31:02","slug":"contact-us","status":"publish","type":"page","link":"https:\/\/asbilardo.com\/index.php\/contact-us\/","title":{"rendered":"Contact Us"},"content":{"rendered":"\t\t<div data-elementor-type=\"wp-page\" data-elementor-id=\"48\" class=\"elementor elementor-48\">\n\t\t\t\t\t\t<section class=\"elementor-section elementor-top-section elementor-element elementor-element-ab726d2 elementor-section-boxed elementor-section-height-default elementor-section-height-default tmpcoder-particle-no tmpcoder-sticky-section-no\" data-id=\"ab726d2\" data-element_type=\"section\" data-e-type=\"section\" data-settings=\"{&quot;background_background&quot;:&quot;classic&quot;}\">\n\t\t\t\t\t\t<div class=\"elementor-container elementor-column-gap-default\">\n\t\t\t\t\t<div class=\"elementor-column elementor-col-100 elementor-top-column elementor-element elementor-element-dabbbd4 elementor-invisible\" data-id=\"dabbbd4\" data-element_type=\"column\" data-e-type=\"column\" data-settings=\"{&quot;animation&quot;:&quot;fadeInUp&quot;}\">\n\t\t\t<div class=\"elementor-widget-wrap elementor-element-populated\">\n\t\t\t\t\t\t<div class=\"elementor-element elementor-element-0311f4e elementor-widget elementor-widget-tmpcoder_breadcrumb\" data-id=\"0311f4e\" data-element_type=\"widget\" data-e-type=\"widget\" data-widget_type=\"tmpcoder_breadcrumb.default\">\n\t\t\t\t<div class=\"elementor-widget-container\">\n\t\t\t\t\t\n        <div class=\"row\">\n            <div class=\"col-md-12\">\n                <div class=\"page-banner\">\n                    <h1 class=\"sub-banner-title yes\">Contact Us<\/h1>                <\/div>\n            <\/div>\n        <\/div>\n\n        \t\t\t\t<\/div>\n\t\t\t\t<\/div>\n\t\t\t\t\t<\/div>\n\t\t<\/div>\n\t\t\t\t\t<\/div>\n\t\t<\/section>\n\t\t\t\t<section class=\"elementor-section elementor-top-section elementor-element elementor-element-83b79eb elementor-section-boxed elementor-section-height-default elementor-section-height-default tmpcoder-jarallax-no tmpcoder-parallax-no tmpcoder-particle-no tmpcoder-sticky-section-no\" data-id=\"83b79eb\" data-element_type=\"section\" data-e-type=\"section\" data-settings=\"{&quot;background_background&quot;:&quot;classic&quot;}\">\n\t\t\t\t\t\t<div class=\"elementor-container elementor-column-gap-default\">\n\t\t\t\t\t<div class=\"elementor-column elementor-col-50 elementor-top-column elementor-element elementor-element-b22d042 elementor-invisible\" data-id=\"b22d042\" data-element_type=\"column\" data-e-type=\"column\" data-settings=\"{&quot;animation&quot;:&quot;fadeInLeft&quot;}\">\n\t\t\t<div class=\"elementor-widget-wrap elementor-element-populated\">\n\t\t\t\t\t\t<div class=\"elementor-element elementor-element-9fcaa55 elementor-widget elementor-widget-heading\" data-id=\"9fcaa55\" data-element_type=\"widget\" data-e-type=\"widget\" data-settings=\"{&quot;_animation&quot;:&quot;none&quot;}\" data-widget_type=\"heading.default\">\n\t\t\t\t\t<span class=\"elementor-heading-title elementor-size-default\">B\u0130ZE ULA\u015eIN<\/span>\t\t\t\t<\/div>\n\t\t\t\t<div class=\"elementor-element elementor-element-b4ce8d3 elementor-widget elementor-widget-heading\" data-id=\"b4ce8d3\" data-element_type=\"widget\" data-e-type=\"widget\" data-settings=\"{&quot;_animation&quot;:&quot;none&quot;}\" data-widget_type=\"heading.default\">\n\t\t\t\t\t<h2 class=\"elementor-heading-title elementor-size-default\">\u0130leti\u015fime Ge\u00e7in<\/h2>\t\t\t\t<\/div>\n\t\t\t\t<div class=\"elementor-element elementor-element-a49dbad elementor-widget elementor-widget-text-editor\" data-id=\"a49dbad\" data-element_type=\"widget\" data-e-type=\"widget\" data-widget_type=\"text-editor.default\">\n\t\t\t\t\t\t\t\t\t<p><strong data-start=\"228\" data-end=\"242\">As Bilardo<\/strong>, T\u00fcrkiye\u2019nin d\u00f6rt bir yan\u0131na y\u00fcksek kalite standartlar\u0131nda\u00a0<strong data-start=\"302\" data-end=\"322\">bilardo masalar\u0131<\/strong>\u00a0ve\u00a0<strong data-start=\"326\" data-end=\"346\">oyun ekipmanlar\u0131<\/strong>\u00a0sunan k\u00f6kl\u00fc bir markad\u0131r. Kuruldu\u011fumuz g\u00fcnden bu yana hedefimiz, m\u00fc\u015fterilerimize sadece bir oyun masas\u0131 de\u011fil, ayn\u0131 zamanda\u00a0<strong data-start=\"471\" data-end=\"500\">e\u011flence, kalite ve g\u00fcveni<\/strong>\u00a0bir arada sunmakt\u0131r.<\/p>\t\t\t\t\t\t\t\t<\/div>\n\t\t\t\t<div class=\"elementor-element elementor-element-36ee2c0 elementor-widget elementor-widget-google_maps\" data-id=\"36ee2c0\" data-element_type=\"widget\" data-e-type=\"widget\" data-widget_type=\"google_maps.default\">\n\t\t\t\t\t\t\t<div class=\"elementor-custom-embed\">\n\t\t\t<iframe loading=\"lazy\"\n\t\t\t\t\tsrc=\"https:\/\/maps.google.com\/maps?q=London%20Eye%2C%20London%2C%20United%20Kingdom&#038;t=m&#038;z=10&#038;output=embed&#038;iwloc=near\"\n\t\t\t\t\ttitle=\"London Eye, London, United Kingdom\"\n\t\t\t\t\taria-label=\"London Eye, London, United Kingdom\"\n\t\t\t><\/iframe>\n\t\t<\/div>\n\t\t\t\t\t\t<\/div>\n\t\t\t\t\t<\/div>\n\t\t<\/div>\n\t\t\t\t<div class=\"elementor-column elementor-col-50 elementor-top-column elementor-element elementor-element-fdc801a elementor-invisible\" data-id=\"fdc801a\" data-element_type=\"column\" data-e-type=\"column\" data-settings=\"{&quot;animation&quot;:&quot;fadeInRight&quot;}\">\n\t\t\t<div class=\"elementor-widget-wrap elementor-element-populated\">\n\t\t\t\t\t\t<div class=\"elementor-element elementor-element-aecb0b5 tmpcoder-forms-align-left tmpcoder-forms-submit-left elementor-widget elementor-widget-tmpcoder-forms\" data-id=\"aecb0b5\" data-element_type=\"widget\" data-e-type=\"widget\" data-widget_type=\"tmpcoder-forms.default\">\n\t\t\t\t<div class=\"elementor-widget-container\">\n\t\t\t\t\t<div class=\"tmpcoder-forms-container tmpcoder-custom-chk-radio\">\n<div class=\"wpcf7 no-js\" id=\"wpcf7-f1569-o1\" lang=\"en-US\" dir=\"ltr\" data-wpcf7-id=\"1569\">\n<div class=\"screen-reader-response\"><p role=\"status\" aria-live=\"polite\" aria-atomic=\"true\"><\/p> <ul><\/ul><\/div>\n<form action=\"\/index.php\/wp-json\/wp\/v2\/pages\/48#wpcf7-f1569-o1\" method=\"post\" class=\"wpcf7-form init\" aria-label=\"Contact form\" novalidate=\"novalidate\" data-status=\"init\">\n<fieldset class=\"hidden-fields-container\"><input type=\"hidden\" name=\"_wpcf7\" value=\"1569\" \/><input type=\"hidden\" name=\"_wpcf7_version\" value=\"6.1.5\" \/><input type=\"hidden\" name=\"_wpcf7_locale\" value=\"en_US\" \/><input type=\"hidden\" name=\"_wpcf7_unit_tag\" value=\"wpcf7-f1569-o1\" \/><input type=\"hidden\" name=\"_wpcf7_container_post\" value=\"0\" \/><input type=\"hidden\" name=\"_wpcf7_posted_data_hash\" value=\"\" \/>\n<\/fieldset>\n<label> Your name\n    <span class=\"wpcf7-form-control-wrap\" data-name=\"your-name\"><input size=\"40\" maxlength=\"400\" class=\"wpcf7-form-control wpcf7-text wpcf7-validates-as-required\" autocomplete=\"name\" aria-required=\"true\" aria-invalid=\"false\" value=\"\" type=\"text\" name=\"your-name\" \/><\/span> <\/label>\n\n<label> Your email\n    <span class=\"wpcf7-form-control-wrap\" data-name=\"your-email\"><input size=\"40\" maxlength=\"400\" class=\"wpcf7-form-control wpcf7-email wpcf7-validates-as-required wpcf7-text wpcf7-validates-as-email\" autocomplete=\"email\" aria-required=\"true\" aria-invalid=\"false\" value=\"\" type=\"email\" name=\"your-email\" \/><\/span> <\/label>\n\n<label> Subject\n    <span class=\"wpcf7-form-control-wrap\" data-name=\"your-subject\"><input size=\"40\" maxlength=\"400\" class=\"wpcf7-form-control wpcf7-text wpcf7-validates-as-required\" aria-required=\"true\" aria-invalid=\"false\" value=\"\" type=\"text\" name=\"your-subject\" \/><\/span> <\/label>\n\n<label> Your message (optional)\n    <span class=\"wpcf7-form-control-wrap\" data-name=\"your-message\"><textarea cols=\"40\" rows=\"10\" maxlength=\"2000\" class=\"wpcf7-form-control wpcf7-textarea\" aria-invalid=\"false\" name=\"your-message\"><\/textarea><\/span> <\/label>\n\n<input class=\"wpcf7-form-control wpcf7-submit has-spinner\" type=\"submit\" value=\"Submit\" \/><div class=\"wpcf7-response-output\" aria-hidden=\"true\"><\/div>\n<\/form>\n<\/div>\n<\/div>\t\t\t\t<\/div>\n\t\t\t\t<\/div>\n\t\t\t\t\t<\/div>\n\t\t<\/div>\n\t\t\t\t\t<\/div>\n\t\t<\/section>\n\t\t\t\t<\/div>\n\t\t","protected":false},"excerpt":{"rendered":"<p>Contact Us B\u0130ZE ULA\u015eIN \u0130leti\u015fime Ge\u00e7in As Bilardo, T\u00fcrkiye\u2019nin d\u00f6rt bir yan\u0131na y\u00fcksek kalite standartlar\u0131nda\u00a0bilardo masalar\u0131\u00a0ve\u00a0oyun ekipmanlar\u0131\u00a0sunan k\u00f6kl\u00fc bir markad\u0131r. Kuruldu\u011fumuz g\u00fcnden bu yana hedefimiz, m\u00fc\u015fterilerimize sadece bir oyun masas\u0131 de\u011fil, ayn\u0131 zamanda\u00a0e\u011flence, kalite ve g\u00fcveni\u00a0bir arada sunmakt\u0131r. Your name Your email Subject Your message (optional)<\/p>\n","protected":false},"author":1,"featured_media":0,"parent":0,"menu_order":0,"comment_status":"closed","ping_status":"closed","template":"elementor_header_footer","meta":{"footnotes":""},"class_list":["post-48","page","type-page","status-publish","hentry"],"_links":{"self":[{"href":"https:\/\/asbilardo.com\/index.php\/wp-json\/wp\/v2\/pages\/48","targetHints":{"allow":["GET"]}}],"collection":[{"href":"https:\/\/asbilardo.com\/index.php\/wp-json\/wp\/v2\/pages"}],"about":[{"href":"https:\/\/asbilardo.com\/index.php\/wp-json\/wp\/v2\/types\/page"}],"author":[{"embeddable":true,"href":"https:\/\/asbilardo.com\/index.php\/wp-json\/wp\/v2\/users\/1"}],"replies":[{"embeddable":true,"href":"https:\/\/asbilardo.com\/index.php\/wp-json\/wp\/v2\/comments?post=48"}],"version-history":[{"count":9,"href":"https:\/\/asbilardo.com\/index.php\/wp-json\/wp\/v2\/pages\/48\/revisions"}],"predecessor-version":[{"id":3005,"href":"https:\/\/asbilardo.com\/index.php\/wp-json\/wp\/v2\/pages\/48\/revisions\/3005"}],"wp:attachment":[{"href":"https:\/\/asbilardo.com\/index.php\/wp-json\/wp\/v2\/media?parent=48"}],"curies":[{"name":"wp","href":"https:\/\/api.w.org\/{rel}","templated":true}]}}