{"id":3037,"date":"2026-01-23T19:39:07","date_gmt":"2026-01-23T19:39:07","guid":{"rendered":"http:\/\/asbilardo.com\/?post_type=product&#038;p=3037"},"modified":"2026-01-23T21:27:24","modified_gmt":"2026-01-23T21:27:24","slug":"amerikan-bilardo-masasi","status":"publish","type":"product","link":"https:\/\/asbilardo.com\/index.php\/urun\/amerikan-bilardo-masasi\/","title":{"rendered":"AMER\u0130KAN B\u0130LARDO MASAS\u0130"},"content":{"rendered":"<p data-start=\"249\" data-end=\"558\">Teknik altyap\u0131s\u0131 ve oyun performans\u0131 a\u00e7\u0131s\u0131ndan \u00fcst segment bilardo masalar\u0131m\u0131zla <strong data-start=\"330\" data-end=\"344\">tam uyumlu<\/strong> olarak tasarlanan masa kalite ve dayan\u0131kl\u0131l\u0131ktan \u00f6d\u00fcn vermez. Sade ve zamans\u0131z tasar\u0131m\u0131yla, profesyonel oyun deneyimini daha ula\u015f\u0131labilir bir maliyetle sunmay\u0131 hedefler.<\/p>\n<p data-start=\"560\" data-end=\"847\"><strong data-start=\"560\" data-end=\"588\">4 ayakl\u0131 ta\u015f\u0131y\u0131c\u0131 sistem<\/strong> ve <strong data-start=\"592\" data-end=\"645\">80 mm NPI demir profilden \u00fcretilmi\u015f g\u00fc\u00e7l\u00fc iskelet<\/strong>, masaya maksimum denge ve rijitlik kazand\u0131r\u0131r. Bu \u00f6zel konstr\u00fcksiyon sayesinde oyun esnas\u0131nda orta noktadan kesinlikle esneme yapmaz; uzun y\u0131llar boyunca ayn\u0131 hassasiyet ve stabiliteyle kullan\u0131labilir.<\/p>\n<p data-start=\"849\" data-end=\"986\"><strong data-start=\"849\" data-end=\"905\">Garanti kapsam\u0131 ve sat\u0131\u015f sonras\u0131 hizmet g\u00fcvencesiyle<\/strong>, hem bireysel kullan\u0131c\u0131lar hem de ticari alanlar i\u00e7in g\u00fcvenle tercih edilebilir.<\/p>\n<hr data-start=\"988\" data-end=\"991\" \/>\n<h3 data-start=\"993\" data-end=\"1015\"><strong data-start=\"997\" data-end=\"1015\">Teknik \u00d6l\u00e7\u00fcler<\/strong><\/h3>\n<p data-start=\"1018\" data-end=\"1054\"><strong data-start=\"1018\" data-end=\"1034\">D\u0131\u015f \u00d6l\u00e7\u00fcler:<\/strong> 284 x 157 x 82 cm<\/p>\n<p data-start=\"1018\" data-end=\"1054\"><strong data-start=\"1057\" data-end=\"1072\">Oyun Alan\u0131:<\/strong> 254 x 127 cm<\/p>\n<hr data-start=\"1089\" data-end=\"1092\" \/>\n<h3 data-start=\"1094\" data-end=\"1146\"><strong data-start=\"1098\" data-end=\"1146\">\u00a0Aksesuarlar<\/strong><\/h3>\n<p>2 adet eldiven<\/p>\n<p>Amerikan top seti<\/p>\n<p data-start=\"1259\" data-end=\"1299\">Ah\u015fap k\u00f6\u015fe sehpa \/ \u0131stekal\u0131k<\/p>\n<p data-start=\"1302\" data-end=\"1332\">Oyuna ba\u015flama \u00fc\u00e7geni<\/p>\n<p data-start=\"1379\" data-end=\"1406\">10 adet \u0131steka ucu<\/p>\n<p data-start=\"1409\" data-end=\"1442\">12 adet Master somaki (tebe\u015fir)<\/p>\n<p data-start=\"1445\" data-end=\"1468\">2 adet tebe\u015fir k\u0131l\u0131f\u0131<\/p>\n","protected":false},"excerpt":{"rendered":"<p>Teknik altyap\u0131s\u0131 ve oyun performans\u0131 a\u00e7\u0131s\u0131ndan \u00fcst segment bilardo masalar\u0131m\u0131zla tam uyumlu olarak tasarlanan masa kalite ve dayan\u0131kl\u0131l\u0131ktan \u00f6d\u00fcn vermez. Sade ve zamans\u0131z tasar\u0131m\u0131yla, profesyonel oyun deneyimini daha ula\u015f\u0131labilir bir maliyetle sunmay\u0131 hedefler. 4 ayakl\u0131 ta\u015f\u0131y\u0131c\u0131 sistem ve 80 mm NPI demir profilden \u00fcretilmi\u015f g\u00fc\u00e7l\u00fc iskelet, masaya maksimum denge ve rijitlik kazand\u0131r\u0131r. Bu \u00f6zel konstr\u00fcksiyon [&hellip;]<\/p>\n","protected":false},"featured_media":3038,"comment_status":"open","ping_status":"closed","template":"","meta":[],"product_brand":[],"product_cat":[25],"product_tag":[45,46],"class_list":{"0":"post-3037","1":"product","2":"type-product","3":"status-publish","4":"has-post-thumbnail","6":"product_cat-amerikan-bilardo-masasi","7":"product_tag-amerikan-bilardo-masasi","8":"product_tag-poll-table","10":"first","11":"instock","12":"taxable","13":"shipping-taxable","14":"purchasable","15":"product-type-simple"},"_links":{"self":[{"href":"https:\/\/asbilardo.com\/index.php\/wp-json\/wp\/v2\/product\/3037","targetHints":{"allow":["GET"]}}],"collection":[{"href":"https:\/\/asbilardo.com\/index.php\/wp-json\/wp\/v2\/product"}],"about":[{"href":"https:\/\/asbilardo.com\/index.php\/wp-json\/wp\/v2\/types\/product"}],"replies":[{"embeddable":true,"href":"https:\/\/asbilardo.com\/index.php\/wp-json\/wp\/v2\/comments?post=3037"}],"wp:featuredmedia":[{"embeddable":true,"href":"https:\/\/asbilardo.com\/index.php\/wp-json\/wp\/v2\/media\/3038"}],"wp:attachment":[{"href":"https:\/\/asbilardo.com\/index.php\/wp-json\/wp\/v2\/media?parent=3037"}],"wp:term":[{"taxonomy":"product_brand","embeddable":true,"href":"https:\/\/asbilardo.com\/index.php\/wp-json\/wp\/v2\/product_brand?post=3037"},{"taxonomy":"product_cat","embeddable":true,"href":"https:\/\/asbilardo.com\/index.php\/wp-json\/wp\/v2\/product_cat?post=3037"},{"taxonomy":"product_tag","embeddable":true,"href":"https:\/\/asbilardo.com\/index.php\/wp-json\/wp\/v2\/product_tag?post=3037"}],"curies":[{"name":"wp","href":"https:\/\/api.w.org\/{rel}","templated":true}]}}